{"id":220,"date":"2019-12-04T16:13:00","date_gmt":"2019-12-04T16:13:00","guid":{"rendered":"https:\/\/endodontierepentigny.com\/dentiste\/?page_id=220"},"modified":"2020-01-23T14:58:27","modified_gmt":"2020-01-23T14:58:27","slug":"dr-karine-charara","status":"publish","type":"page","link":"https:\/\/endodontierepentigny.com\/dentiste\/dr-karine-charara\/","title":{"rendered":"Dr Karine Charara"},"content":{"rendered":"<p>[et_pb_section fb_built=\u00a0\u00bb1&Prime; _builder_version=\u00a0\u00bb3.22&Prime; background_image=\u00a0\u00bbhttps:\/\/endodontierepentigny.com\/dentiste\/wp-content\/uploads\/2019\/11\/strip_endodontie.jpg\u00a0\u00bb][et_pb_row _builder_version=\u00a0\u00bb3.25&Prime; background_size=\u00a0\u00bbinitial\u00a0\u00bb background_position=\u00a0\u00bbtop_left\u00a0\u00bb background_repeat=\u00a0\u00bbrepeat\u00a0\u00bb][et_pb_column type=\u00a0\u00bb4_4&Prime; _builder_version=\u00a0\u00bb3.25&Prime; custom_padding=\u00a0\u00bb|||\u00a0\u00bb custom_padding__hover=\u00a0\u00bb|||\u00a0\u00bb][et_pb_text _builder_version=\u00a0\u00bb3.27.4&Prime; header_font=\u00a0\u00bb|||on|||||\u00a0\u00bb header_text_align=\u00a0\u00bbcenter\u00a0\u00bb header_text_color=\u00a0\u00bb#ffffff\u00a0\u00bb custom_padding=\u00a0\u00bb50px||50px|\u00a0\u00bb]<\/p>\n<h1>Les sp\u00e9cialistes<\/h1>\n<p>[\/et_pb_text][\/et_pb_column][\/et_pb_row][\/et_pb_section][et_pb_section fb_built=\u00a0\u00bb1&Prime; _builder_version=\u00a0\u00bb3.22&Prime; custom_padding=\u00a0\u00bb10px||10px|\u00a0\u00bb][et_pb_row _builder_version=\u00a0\u00bb3.25&Prime; background_size=\u00a0\u00bbinitial\u00a0\u00bb background_position=\u00a0\u00bbtop_left\u00a0\u00bb background_repeat=\u00a0\u00bbrepeat\u00a0\u00bb column_structure=\u00a0\u00bb3_4,1_4&Prime;][et_pb_column type=\u00a0\u00bb3_4&Prime; _builder_version=\u00a0\u00bb3.25&Prime; custom_padding=\u00a0\u00bb|||\u00a0\u00bb custom_padding__hover=\u00a0\u00bb|||\u00a0\u00bb][et_pb_text _builder_version=\u00a0\u00bb4.0.9&Prime; header_2_text_color=\u00a0\u00bb#829a22&Prime; hover_enabled=\u00a0\u00bb0&Prime;]<\/p>\n<h2>Dr Karine Charara<\/h2>\n<p><span style=\"color: #829a22;\">Doctorat en m\u00e9decine dentaire<br \/>\n<\/span>Universit\u00e9 de Montr\u00e9al 2009<\/p>\n<p><span style=\"color: #829a22;\">Certificat de sp\u00e9cialisation en endodontie<\/span><br \/>\nUniversity of Toronto 2015<\/p>\n<p><span style=\"color: #829a22;\">Ma\u00eetrise en Sciences<\/span><br \/>\nUniversity of Toronto 2015<\/p>\n<p><span style=\"color: #829a22;\">Professeur adjoint<\/span><br \/>\nUniversit\u00e9 de Montr\u00e9al<br \/>\nResponsable du volet endodontique de la r\u00e9sidence multidisciplinaire<\/p>\n<p><span style=\"color: #829a22;\">Conf\u00e9renci\u00e8re invit\u00e9e<\/span><br \/>\nTourn\u00e9e de l\u2019Ordre des dentistes 2016-2017<br \/>\nJourn\u00e9es dentaires internationales du Qu\u00e9bec 2016, 2017<br \/>\nAmerican Association of Endodontists Annual Session 2016<br \/>\nCanadian Academy of Endodontics Annual Meeting 2016<\/p>\n<p><span style=\"color: #829a22;\">Publications<\/span><\/p>\n<p>Charara K, Friedman S, Sherman A, Assessment of apical extrusion during root canal procedure with the novel Gentle Wave system in a simulated apical environment. J Endod, Jan 2016.<\/p>\n<p>Glassman G, Charara K, EndoVacTM Apical Negative Pressure: Safe and Effective Endodontic Irrigation from Beginning to END. Oral Health May 2015.<\/p>\n<p>Glassman G, Charara K, Apical Negative Pressure: Safety, Efficacy and Efficiency Abstract in Endodontic Irrigation &#8211; Chemical disinfection of the root canal system. Basrani B. Springer, October 2015<\/p>\n<p>Charara K, Ionescu A, Gagliardi J, Surgical Management of invasive External Cervical Root Resorption Aided by Cone-Beam Computes Tomography: a case report. Oral Health May 2014.<\/p>\n<p><span style=\"color: #829a22;\">Pratique priv\u00e9e limit\u00e9e \u00e0 l\u2019endodontie<\/span><br \/>\nDepuis 2015<\/p>\n<p><span style=\"color: #829a22;\">Travail d&rsquo;expertise<\/span><br \/>\nOrdre des dentistes du Qu\u00e9bec depuis 2015[\/et_pb_text][\/et_pb_column][et_pb_column type=\u00a0\u00bb1_4&Prime; _builder_version=\u00a0\u00bb3.25&Prime; custom_padding=\u00a0\u00bb|||\u00a0\u00bb custom_padding__hover=\u00a0\u00bb|||\u00a0\u00bb][et_pb_image src=\u00a0\u00bbhttps:\/\/endodontierepentigny.com\/dentiste\/wp-content\/uploads\/2019\/12\/image-contentcharara2.jpg\u00a0\u00bb align_tablet=\u00a0\u00bbcenter\u00a0\u00bb align_last_edited=\u00a0\u00bbon|desktop\u00a0\u00bb _builder_version=\u00a0\u00bb3.23&Prime;][\/et_pb_image][\/et_pb_column][\/et_pb_row][\/et_pb_section]<\/p>\n","protected":false},"excerpt":{"rendered":"<p>[et_pb_section fb_built=\u00a0\u00bb1&Prime; _builder_version=\u00a0\u00bb3.22&Prime; background_image=\u00a0\u00bbhttps:\/\/endodontierepentigny.com\/dentiste\/wp-content\/uploads\/2019\/11\/strip_endodontie.jpg\u00a0\u00bb][et_pb_row _builder_version=\u00a0\u00bb3.25&Prime; background_size=\u00a0\u00bbinitial\u00a0\u00bb background_position=\u00a0\u00bbtop_left\u00a0\u00bb background_repeat=\u00a0\u00bbrepeat\u00a0\u00bb][et_pb_column type=\u00a0\u00bb4_4&Prime; _builder_version=\u00a0\u00bb3.25&Prime; custom_padding=\u00a0\u00bb|||\u00a0\u00bb custom_padding__hover=\u00a0\u00bb|||\u00a0\u00bb][et_pb_text _builder_version=\u00a0\u00bb3.27.4&Prime; header_font=\u00a0\u00bb|||on|||||\u00a0\u00bb header_text_align=\u00a0\u00bbcenter\u00a0\u00bb header_text_color=\u00a0\u00bb#ffffff\u00a0\u00bb custom_padding=\u00a0\u00bb50px||50px|\u00a0\u00bb] Les sp\u00e9cialistes [\/et_pb_text][\/et_pb_column][\/et_pb_row][\/et_pb_section][et_pb_section fb_built=\u00a0\u00bb1&Prime; _builder_version=\u00a0\u00bb3.22&Prime; custom_padding=\u00a0\u00bb10px||10px|\u00a0\u00bb][et_pb_row _builder_version=\u00a0\u00bb3.25&Prime; background_size=\u00a0\u00bbinitial\u00a0\u00bb background_position=\u00a0\u00bbtop_left\u00a0\u00bb background_repeat=\u00a0\u00bbrepeat\u00a0\u00bb column_structure=\u00a0\u00bb3_4,1_4&Prime;][et_pb_column type=\u00a0\u00bb3_4&Prime; _builder_version=\u00a0\u00bb3.25&Prime; custom_padding=\u00a0\u00bb|||\u00a0\u00bb custom_padding__hover=\u00a0\u00bb|||\u00a0\u00bb][et_pb_text _builder_version=\u00a0\u00bb4.0.9&Prime; header_2_text_color=\u00a0\u00bb#829a22&Prime; hover_enabled=\u00a0\u00bb0&Prime;] Dr Karine Charara Doctorat en m\u00e9decine dentaire Universit\u00e9 de Montr\u00e9al 2009 Certificat de sp\u00e9cialisation en endodontie University of Toronto 2015 [&hellip;]<\/p>\n","protected":false},"author":1,"featured_media":0,"parent":0,"menu_order":0,"comment_status":"closed","ping_status":"closed","template":"","meta":{"_et_pb_use_builder":"on","_et_pb_old_content":"","_et_gb_content_width":""},"_links":{"self":[{"href":"https:\/\/endodontierepentigny.com\/dentiste\/wp-json\/wp\/v2\/pages\/220"}],"collection":[{"href":"https:\/\/endodontierepentigny.com\/dentiste\/wp-json\/wp\/v2\/pages"}],"about":[{"href":"https:\/\/endodontierepentigny.com\/dentiste\/wp-json\/wp\/v2\/types\/page"}],"author":[{"embeddable":true,"href":"https:\/\/endodontierepentigny.com\/dentiste\/wp-json\/wp\/v2\/users\/1"}],"replies":[{"embeddable":true,"href":"https:\/\/endodontierepentigny.com\/dentiste\/wp-json\/wp\/v2\/comments?post=220"}],"version-history":[{"count":2,"href":"https:\/\/endodontierepentigny.com\/dentiste\/wp-json\/wp\/v2\/pages\/220\/revisions"}],"predecessor-version":[{"id":553,"href":"https:\/\/endodontierepentigny.com\/dentiste\/wp-json\/wp\/v2\/pages\/220\/revisions\/553"}],"wp:attachment":[{"href":"https:\/\/endodontierepentigny.com\/dentiste\/wp-json\/wp\/v2\/media?parent=220"}],"curies":[{"name":"wp","href":"https:\/\/api.w.org\/{rel}","templated":true}]}}